{"id":5,"date":"2021-03-31T06:52:07","date_gmt":"2021-03-31T06:52:07","guid":{"rendered":"https:\/\/www.schnauzentreff-buchholz.de\/?page_id=5"},"modified":"2026-01-17T19:42:55","modified_gmt":"2026-01-17T19:42:55","slug":"startseite","status":"publish","type":"page","link":"https:\/\/www.schnauzentreff-buchholz.de\/","title":{"rendered":""},"content":{"rendered":"\n<p>Liebe Hundefreunde,  <\/p>\n\n\n\n<p>wir begr\u00fc\u00dfen Sie herzlich auf den Seiten der Hundeschule &#8222;Schnauzentreff Buchholz&#8220; und freuen uns \u00fcber Ihr Interesse.<\/p>\n\n\n\n<hr class=\"wp-block-separator has-css-opacity\"\/>\n\n\n\n<!---<marquee style=\"background-color:red; align:center; color:white\">Am Samstag, 10.1.2026 bleibt die Hundeschule aufgrund der vorhergesagten Witterung \ngeschlossen. Das Hundespielen und das Hundetraining fallen aus.<\/marquee> -->\n\n\n\n<pre class=\"wp-block-code\"><code><\/code><\/pre>\n\n\n\n<p>Ob kleine oder gro\u00dfe Hunde, alle sind bei uns herzlich willkommen. Einige m\u00f6chten ihren Hund nur spielen lassen, und einige m\u00f6chten noch gemeinsam etwas lernen. Entscheiden Sie selbst, was f\u00fcr Sie in Frage kommt.<\/p>\n\n\n\n<p>Viele Hundebesitzer fragen, ist mein Hund nicht schon zu alt zum Lernen? Es ist egal, ob Senior, Junghund oder Welpen, sie wollen immer besch\u00e4ftigt werden. Dabei wollen wir Ihnen unterst\u00fctzend helfen. Wir legen Wert auf eine gewaltfreie Ausbildung, bei uns finden Sie keine W\u00fcrgehalsb\u00e4nder, Halti etc&#8230;<br>Die Beziehung zwischen Mensch und Hund muss stimmen. Hunde sind Rudeltiere und wir bilden mit ihnen einen gemischten Familienverband.Wie ? Das erfahren Sie bei uns.<br>Wo? In 21244 Buchholz-Vaensen, Dibberser Stra\u00dfe. (N\u00e4heres unter &#8222;Wegbeschreibung&#8220;)<\/p>\n\n\n\n<p>Au\u00dferdem sehen wir uns immer \u00f6fter mit geretteten Hunden aus dem Ausland konfrontiert. Viele dieser Tiere haben Schwierigkeiten sich bei uns einzugew\u00f6hnen und manchmal entwickeln sich daraus ernste Probleme.&nbsp;Auch hierbei k\u00f6nnen wir helfen! Sprechen Sie uns fr\u00fchzeitig an, wenn Ihnen etwas auff\u00e4llt: Je eher wir es angehen, desto besser.<\/p>\n\n\n\n<p>\u00dcbrigens: Dies gilt ebenso f\u00fcr Hunde aus dem Tierheim oder Hunde, die sehr isoliert gehalten wurden.<\/p>\n\n\n\n<p>Die wichtigsten Informationen&nbsp;haben wir f\u00fcr Sie auf diesen Internetseiten&nbsp;zusammengefasst. Wir hoffen, dass wir Ihnen damit einen \u00dcberblick \u00fcber unser Angebot&nbsp;geben k\u00f6nnen.<\/p>\n\n\n\n<p>Sollten Sie Fragen haben, freuen wir uns, wenn Sie mit uns Kontakt aufnehmen.<\/p>\n\n\n\n<h6 class=\"wp-block-heading\">Bitte bringen Sie am ersten Tag den Impfausweis Ihres Hundes mit<\/h6>\n\n\n\n<h6 class=\"wp-block-heading\">Hundeschule Schnauzentreff, genehmigt gem\u00e4\u00df \u00a7 11 Abs. 1 Satz 1 Nr. 8f<\/h6>\n\n\n\n<hr class=\"wp-block-separator has-css-opacity\"\/>\n\n\n\n<h5 class=\"wp-block-heading\">Kontaktinformation&nbsp;<\/h5>\n\n\n\n<p>Schnauzentreff Buchholz<\/p>\n\n\n\n<p>Susanne Markewitz<\/p>\n\n\n\n<p>Mobil&nbsp;0162 &#8211;&nbsp;7624693<\/p>\n\n\n\n<p>E-Mail&nbsp;schnauzentraining.hamburg@googlemail.com<\/p>\n","protected":false},"excerpt":{"rendered":"<p>Liebe Hundefreunde, wir begr\u00fc\u00dfen Sie herzlich auf den Seiten der Hundeschule &#8222;Schnauzentreff Buchholz&#8220; und freuen uns \u00fcber Ihr Interesse. Ob kleine oder gro\u00dfe Hunde, alle sind bei uns herzlich willkommen. Einige m\u00f6chten ihren Hund nur spielen lassen, und einige m\u00f6chten noch gemeinsam etwas lernen. Entscheiden Sie selbst, was f\u00fcr Sie in Frage kommt. Viele Hundebesitzer&hellip;<\/p>\n","protected":false},"author":1,"featured_media":0,"parent":0,"menu_order":0,"comment_status":"closed","ping_status":"closed","template":"","meta":{"footnotes":""},"class_list":["post-5","page","type-page","status-publish","hentry"],"_links":{"self":[{"href":"https:\/\/www.schnauzentreff-buchholz.de\/index.php\/wp-json\/wp\/v2\/pages\/5","targetHints":{"allow":["GET"]}}],"collection":[{"href":"https:\/\/www.schnauzentreff-buchholz.de\/index.php\/wp-json\/wp\/v2\/pages"}],"about":[{"href":"https:\/\/www.schnauzentreff-buchholz.de\/index.php\/wp-json\/wp\/v2\/types\/page"}],"author":[{"embeddable":true,"href":"https:\/\/www.schnauzentreff-buchholz.de\/index.php\/wp-json\/wp\/v2\/users\/1"}],"replies":[{"embeddable":true,"href":"https:\/\/www.schnauzentreff-buchholz.de\/index.php\/wp-json\/wp\/v2\/comments?post=5"}],"version-history":[{"count":48,"href":"https:\/\/www.schnauzentreff-buchholz.de\/index.php\/wp-json\/wp\/v2\/pages\/5\/revisions"}],"predecessor-version":[{"id":288,"href":"https:\/\/www.schnauzentreff-buchholz.de\/index.php\/wp-json\/wp\/v2\/pages\/5\/revisions\/288"}],"wp:attachment":[{"href":"https:\/\/www.schnauzentreff-buchholz.de\/index.php\/wp-json\/wp\/v2\/media?parent=5"}],"curies":[{"name":"wp","href":"https:\/\/api.w.org\/{rel}","templated":true}]}}