{"id":28,"date":"2021-03-31T07:08:10","date_gmt":"2021-03-31T07:08:10","guid":{"rendered":"https:\/\/www.schnauzentreff-buchholz.de\/?page_id=28"},"modified":"2024-07-11T16:32:47","modified_gmt":"2024-07-11T16:32:47","slug":"wegbeschreibung","status":"publish","type":"page","link":"https:\/\/www.schnauzentreff-buchholz.de\/index.php\/wegbeschreibung\/","title":{"rendered":"So finden Sie zu uns.."},"content":{"rendered":"\n<p>Aus der Buchholzer Innenstadt kommend: Fahren Sie Richtung Dibbersen. In Vaensen fahren Sie die erste Auffahrt nach dem Abzweig nach Eckel rechts hinein. Auf der rechten Strassenseite steht ein Hinweisschild &#8222;Hundeschule&#8220;. Hier fahren Sie rechts.<\/p>\n\n\n\n<p>Von der Autobahn kommend: Fahren Sie die Ausfahrt Dibbersen hinaus, auf die Schnellstra\u00dfe Richtung Buchholz. Hier nehmen Sie die Ausfahrt Dibbersen\/Buchholz. Im Kreisverkehr fahren Sie Richtung Buchholz (3. Ausfahrt) In Vaensen kommt auf der linken Seite ein Hinweisschild &#8222;Hundeschule&#8220; Hier fahren Sie links in die Hofeinfahrt.<\/p>\n\n\n\n<p style=\"background-color:yellow; color:red; font-size:!important\">Bitte nehmen Sie immer die Einfahrt von der Dibberser Str. aus und nicht \u00fcber die Hofeinfahrt (Privatgel\u00e4nde) des Verp\u00e4chters, Vaenser Dorfstr.!!!<\/p>\n\n\n\n<a href=\"http:\/\/maps.google.de\/maps?f=d&amp;source=embed&amp;saddr=&amp;daddr=53.351217,9.8807&amp;geocode=&amp;hl=de&amp;mra=dme&amp;mrsp=1&amp;sz=15&amp;sll=53.35383,9.882202&amp;sspn=0.01227,0.028453&amp;ie=UTF8&amp;ll=53.351909,9.882116&amp;spn=0.007685,0.012875&amp;z=15\" style=\"color:#0000FF;text-align:left\">Kartenansicht bei Google Maps<\/a>\n\n\n\n<p><\/p>\n","protected":false},"excerpt":{"rendered":"<p>Aus der Buchholzer Innenstadt kommend: Fahren Sie Richtung Dibbersen. In Vaensen fahren Sie die erste Auffahrt nach dem Abzweig nach Eckel rechts hinein. Auf der rechten Strassenseite steht ein Hinweisschild &#8222;Hundeschule&#8220;. Hier fahren Sie rechts. Von der Autobahn kommend: Fahren Sie die Ausfahrt Dibbersen hinaus, auf die Schnellstra\u00dfe Richtung Buchholz. Hier nehmen Sie die Ausfahrt&hellip;<\/p>\n","protected":false},"author":1,"featured_media":0,"parent":0,"menu_order":0,"comment_status":"closed","ping_status":"closed","template":"","meta":{"footnotes":""},"class_list":["post-28","page","type-page","status-publish","hentry"],"_links":{"self":[{"href":"https:\/\/www.schnauzentreff-buchholz.de\/index.php\/wp-json\/wp\/v2\/pages\/28","targetHints":{"allow":["GET"]}}],"collection":[{"href":"https:\/\/www.schnauzentreff-buchholz.de\/index.php\/wp-json\/wp\/v2\/pages"}],"about":[{"href":"https:\/\/www.schnauzentreff-buchholz.de\/index.php\/wp-json\/wp\/v2\/types\/page"}],"author":[{"embeddable":true,"href":"https:\/\/www.schnauzentreff-buchholz.de\/index.php\/wp-json\/wp\/v2\/users\/1"}],"replies":[{"embeddable":true,"href":"https:\/\/www.schnauzentreff-buchholz.de\/index.php\/wp-json\/wp\/v2\/comments?post=28"}],"version-history":[{"count":8,"href":"https:\/\/www.schnauzentreff-buchholz.de\/index.php\/wp-json\/wp\/v2\/pages\/28\/revisions"}],"predecessor-version":[{"id":218,"href":"https:\/\/www.schnauzentreff-buchholz.de\/index.php\/wp-json\/wp\/v2\/pages\/28\/revisions\/218"}],"wp:attachment":[{"href":"https:\/\/www.schnauzentreff-buchholz.de\/index.php\/wp-json\/wp\/v2\/media?parent=28"}],"curies":[{"name":"wp","href":"https:\/\/api.w.org\/{rel}","templated":true}]}}