{"id":27,"date":"2021-03-31T07:08:10","date_gmt":"2021-03-31T07:08:10","guid":{"rendered":"https:\/\/www.schnauzentreff-buchholz.de\/?page_id=27"},"modified":"2024-07-11T16:31:46","modified_gmt":"2024-07-11T16:31:46","slug":"welpenspielen","status":"publish","type":"page","link":"https:\/\/www.schnauzentreff-buchholz.de\/index.php\/welpenspielen\/","title":{"rendered":"Welpenspielen"},"content":{"rendered":"\n<p>Samstag 9:30-10:30<\/p>\n\n\n\n<p>Dienstag 16:00 -17:00<\/p>\n\n\n\n<p>Die Welpenzeit ist die wichtigste Phase im Leben eines Hundes. Bis zur max. 16. Lebenswoche speichert der Hund neue Eindr\u00fccke am einfachsten, quasi \u201eautomatisch\u201c. Er ist besonders neugierig und saugt alles auf wie ein Schwamm. Nach dieser Zeit m\u00fcssen neue Dinge m\u00fchsamer erlernt werden. Daher ist es wichtig mit ihm viele unterschiedliche Orte aufzusuchen, ihn m\u00f6glichst positive Erfahrungen machen zu lassen und ihm alles zu zeigen, was auch in unserem Leben eine Rolle spielt.<\/p>\n\n\n\n<p>Zu dieser Umweltgew\u00f6hnung geh\u00f6rt auch, den Hund mit anderen Welpen spielen zu lassen. Er lernt, dass es anders aussehende, gro\u00dfe, kleine, nette und weniger nette Hunde gibt und dies f\u00fchrt zu einer guten Vertr\u00e4glichkeit Artgenossen gegen\u00fcber. Er kann trainieren, wie er sich anderen Hunden gegen\u00fcber zu verhalten hat und es wird fortgef\u00fchrt, was mit seinen Wurfgeschwistern begonnen hat. Im wilden Spiel werden ihm auch schon mal seine Grenzen aufgezeigt.<\/p>\n\n\n\n<p>Wir sind beim Welpenspiel stets anwesend und beantworten gern alle Ihre Fragen.<\/p>\n\n\n\n<p>Selbstverst\u00e4ndlich bieten wir au\u00dfer dem Spielen Kurse an, wir beginnen mit dem \u201eKleinen 1 x 1\u201c, dem Grundkurs der Hundeerziehung.<\/p>\n\n\n\n<p>\u00dcber Ihren Anruf freuen wir uns.<\/p>\n","protected":false},"excerpt":{"rendered":"<p>Samstag 9:30-10:30 Dienstag 16:00 -17:00 Die Welpenzeit ist die wichtigste Phase im Leben eines Hundes. Bis zur max. 16. Lebenswoche speichert der Hund neue Eindr\u00fccke am einfachsten, quasi \u201eautomatisch\u201c. Er ist besonders neugierig und saugt alles auf wie ein Schwamm. Nach dieser Zeit m\u00fcssen neue Dinge m\u00fchsamer erlernt werden. Daher ist es wichtig mit ihm&hellip;<\/p>\n","protected":false},"author":1,"featured_media":0,"parent":0,"menu_order":0,"comment_status":"closed","ping_status":"closed","template":"","meta":{"footnotes":""},"class_list":["post-27","page","type-page","status-publish","hentry"],"_links":{"self":[{"href":"https:\/\/www.schnauzentreff-buchholz.de\/index.php\/wp-json\/wp\/v2\/pages\/27","targetHints":{"allow":["GET"]}}],"collection":[{"href":"https:\/\/www.schnauzentreff-buchholz.de\/index.php\/wp-json\/wp\/v2\/pages"}],"about":[{"href":"https:\/\/www.schnauzentreff-buchholz.de\/index.php\/wp-json\/wp\/v2\/types\/page"}],"author":[{"embeddable":true,"href":"https:\/\/www.schnauzentreff-buchholz.de\/index.php\/wp-json\/wp\/v2\/users\/1"}],"replies":[{"embeddable":true,"href":"https:\/\/www.schnauzentreff-buchholz.de\/index.php\/wp-json\/wp\/v2\/comments?post=27"}],"version-history":[{"count":6,"href":"https:\/\/www.schnauzentreff-buchholz.de\/index.php\/wp-json\/wp\/v2\/pages\/27\/revisions"}],"predecessor-version":[{"id":217,"href":"https:\/\/www.schnauzentreff-buchholz.de\/index.php\/wp-json\/wp\/v2\/pages\/27\/revisions\/217"}],"wp:attachment":[{"href":"https:\/\/www.schnauzentreff-buchholz.de\/index.php\/wp-json\/wp\/v2\/media?parent=27"}],"curies":[{"name":"wp","href":"https:\/\/api.w.org\/{rel}","templated":true}]}}