{"id":26,"date":"2021-03-31T07:08:10","date_gmt":"2021-03-31T07:08:10","guid":{"rendered":"https:\/\/www.schnauzentreff-buchholz.de\/?page_id=26"},"modified":"2024-07-11T16:30:58","modified_gmt":"2024-07-11T16:30:58","slug":"hundespielen","status":"publish","type":"page","link":"https:\/\/www.schnauzentreff-buchholz.de\/index.php\/hundespielen\/","title":{"rendered":"Hundespielen"},"content":{"rendered":"\n<p>Hundespielen<\/p>\n\n\n\n<p>Samstag,  10:30-11:30<\/p>\n\n\n\n<p>Dienstag, 17:00-18:00<\/p>\n\n\n\n<p>Donnerstag, 17:00-18:00<\/p>\n\n\n\n<p>Auch erwachsene Hunde wollen spielen \u2013 oder Sozialkontakte pflegen. <img loading=\"lazy\" decoding=\"async\" width=\"300\" height=\"179\" hspace=\"5px\" vspace=\"5px\" align=\"left\" class=\"wp-image-116\" style=\"margin:5px; padding:5px; width: 300px;\" src=\"https:\/\/www.schnauzentreff-buchholz.de\/wp-content\/uploads\/2021\/03\/hundespielen2.jpg\" alt=\"\">Das k\u00f6nnen sie bei uns auf drei eingez\u00e4unten Pl\u00e4tzen. Wir haben uns ganz bewusst f\u00fcr die Unterteilung unserer Fl\u00e4che entschieden, da es auch Hunde gibt, die nicht uneingeschr\u00e4nkt gruppentauglich sind. Einige von ihnen ben\u00f6tigen kleine Gruppen, ausgew\u00e4hlte Spielkameraden oder Zeit sich an alles zu gew\u00f6hnen. Diese Hunde werden von uns langsam integriert, sofern sie das \u00fcberhaupt wollen und es m\u00f6glich ist. Sicherheit f\u00fcr alle und Individualit\u00e4t stehen bei uns an erster Stelle. Dazu geh\u00f6rt auch unsere Junghunde in die Welt der \u201eGro\u00dfen\u201c einzuf\u00fchren und ihnen dabei zu helfen, sich zurecht zu finden.<\/p>\n\n\n\n<p>W\u00e4hrend des Hundespielens sind wir immer mit mehreren Trainern auf dem Platz anwesend, beaufsichtigen die Hunde und schlichten eventuelle Streitigkeiten. Wir haben selten Probleme mit Mobbing oder aggressivem Verhalten \u2013 wir sind geschult genug dies sofort zu erkennen und darauf zu reagieren.<\/p>\n\n\n\n<p>Haben wir Ihr Interesse wecken k\u00f6nnen?<\/p>\n\n\n\n<p>Bitte unbedingt vorher anmelden.<\/p>\n","protected":false},"excerpt":{"rendered":"<p>Hundespielen Samstag, 10:30-11:30 Dienstag, 17:00-18:00 Donnerstag, 17:00-18:00 Auch erwachsene Hunde wollen spielen \u2013 oder Sozialkontakte pflegen. Das k\u00f6nnen sie bei uns auf drei eingez\u00e4unten Pl\u00e4tzen. Wir haben uns ganz bewusst f\u00fcr die Unterteilung unserer Fl\u00e4che entschieden, da es auch Hunde gibt, die nicht uneingeschr\u00e4nkt gruppentauglich sind. Einige von ihnen ben\u00f6tigen kleine Gruppen, ausgew\u00e4hlte Spielkameraden oder&hellip;<\/p>\n","protected":false},"author":1,"featured_media":0,"parent":0,"menu_order":0,"comment_status":"closed","ping_status":"closed","template":"","meta":{"footnotes":""},"class_list":["post-26","page","type-page","status-publish","hentry"],"_links":{"self":[{"href":"https:\/\/www.schnauzentreff-buchholz.de\/index.php\/wp-json\/wp\/v2\/pages\/26","targetHints":{"allow":["GET"]}}],"collection":[{"href":"https:\/\/www.schnauzentreff-buchholz.de\/index.php\/wp-json\/wp\/v2\/pages"}],"about":[{"href":"https:\/\/www.schnauzentreff-buchholz.de\/index.php\/wp-json\/wp\/v2\/types\/page"}],"author":[{"embeddable":true,"href":"https:\/\/www.schnauzentreff-buchholz.de\/index.php\/wp-json\/wp\/v2\/users\/1"}],"replies":[{"embeddable":true,"href":"https:\/\/www.schnauzentreff-buchholz.de\/index.php\/wp-json\/wp\/v2\/comments?post=26"}],"version-history":[{"count":9,"href":"https:\/\/www.schnauzentreff-buchholz.de\/index.php\/wp-json\/wp\/v2\/pages\/26\/revisions"}],"predecessor-version":[{"id":216,"href":"https:\/\/www.schnauzentreff-buchholz.de\/index.php\/wp-json\/wp\/v2\/pages\/26\/revisions\/216"}],"wp:attachment":[{"href":"https:\/\/www.schnauzentreff-buchholz.de\/index.php\/wp-json\/wp\/v2\/media?parent=26"}],"curies":[{"name":"wp","href":"https:\/\/api.w.org\/{rel}","templated":true}]}}