{"id":24,"date":"2021-03-31T07:08:10","date_gmt":"2021-03-31T07:08:10","guid":{"rendered":"https:\/\/www.schnauzentreff-buchholz.de\/?page_id=24"},"modified":"2025-06-18T12:53:03","modified_gmt":"2025-06-18T12:53:03","slug":"angebot","status":"publish","type":"page","link":"https:\/\/www.schnauzentreff-buchholz.de\/index.php\/angebot\/","title":{"rendered":"Angebot"},"content":{"rendered":"\n<p>Unser Angebot f\u00fcr Sie und Ihre(n) Hund(e)<\/p>\n\n\n\n<p>Hier erfahren Sie n\u00e4heres \u00fcber unsere Kurse. Reicht Ihnen diese Beschreibung nicht, dann rufen Sie uns gerne an oder schreiben eine Email um weitere Informationen zu erhalten.<\/p>\n\n\n\n<p><strong>Welpenspielen<\/strong><\/p>\n\n\n\n<p>Die Sozialisierung ist am Anfang das Wichtigste f\u00fcr den Welpen, damit sp\u00e4ter mit anderen Hunden kein Stress aufkommt. Haupts\u00e4chlich geht es hier um das Spielen unter Gleichgesinnten, au\u00dferdem bekommen Sie viele Informationen. Bitte melden Sie sich an.<\/p>\n\n\n\n<p><strong>Kleinsthundespielen<\/strong><\/p>\n\n\n\n<p>Auch Dackel, Havaneser und \u00e4hnlich gro\u00dfe Rassen wollen spielen. Bitte melden Sie sich an.<\/p>\n\n\n\n<p><strong>Hundespielen<\/strong><\/p>\n\n\n\n<p>Auch erwachsene Hunde wollen sich mal unter Gleichgesinnten austoben. Bitte melden Sie sich an.<\/p>\n\n\n\n<p><strong>Das &#8222;Kleine 1&#215;1<\/strong>&#8222;.<\/p>\n\n\n\n<p>In diesem Kurs erlernt Ihr Hund Sitz, Platz, Fu\u00df gehen. Er besteht aus 8 Unterrichtseinheiten plus einem Theorieteil f\u00fcr Hundehalter.<\/p>\n\n\n\n<p><\/p>\n\n\n\n<p><strong>Alltagstraining &#8222;die jungen Wilden&#8220;<\/strong><\/p>\n\n\n\n<p>Von Grundsignalen bis fortgeschrittene \u00dcbungen, von Leinenf\u00fchrigkeit bis R\u00fcckruftraining, von verschiedenen Reizen bis Antigiftk\u00f6dertraining\u2026 Hier ist alles komprimiert dabei. Daher braucht Ihr Hund schon ein paar Vorkenntnisse.<\/p>\n\n\n\n<p><strong>Einzelunterricht<\/strong><\/p>\n\n\n\n<p><strong>Leinenf\u00fchrigkeit&nbsp;<\/strong><\/p>\n\n\n\n<p><strong>Laufen an lockerer Leine ohne ziehen und zerren.<\/strong><\/p>\n\n\n\n<p><strong>Longenarbeit<\/strong><\/p>\n\n\n\n<p>Hierbei geht es darum die Distanzkontrolle des Hundes zu optimieren. Der Hund lernt auch bei gr\u00f6\u00dferer Entfernung auf seinen Menschen zu achten und dabei Signale auszuf\u00fchren.<\/p>\n\n\n\n<p><strong>Gegenstandsuche<\/strong><\/p>\n\n\n\n<p>Suchen eines Gegenstandes garantiert Ihrem Vierbeiner sowohl k\u00f6rperliche als auch geistige Auslastung. Ihr Hund wird auf einen Gegenstand konditioniert, den er sp\u00e4ter suchen und anzeigen wird. Diese Besch\u00e4ftigung ist f\u00fcr alle Hunde, ob jung oder alt, gro\u00df oder klein, geeignet.<\/p>\n\n\n\n<p><strong>Sport und Spa\u00df an Ger\u00e4ten<\/strong><\/p>\n\n\n\n<p>Dies ist f\u00fcr alle Hunde geeignet. Es f\u00f6rdert die Zusammenarbeit Hund \/Mensch, Konzentration, Gleichgewicht, Muskelaufbau und macht viel Spa\u00df, da es vielf\u00e4ltige M\u00f6glichkeiten der Arbeit gibt.<\/p>\n\n\n\n<p><strong>Clickern<\/strong><\/p>\n\n\n\n<p>Von den Grundlagen bis zum Profi<\/p>\n\n\n\n<p><strong>Antigiftk\u00f6dertraining<\/strong><\/p>\n\n\n\n<p><strong>R\u00fcckruftraining<\/strong><\/p>\n\n\n\n<p>Sicheren Abruf, auch mit Pfeife in kleinen Gruppen<\/p>\n\n\n\n<p><strong>Hundeverhaltensberatung<\/strong><\/p>\n\n\n\n<p>Sollte es einmal Probleme geben, stehen wir Ihnen zur Seite.<\/p>\n\n\n\n<p><strong>Hilfe bei der Eingew\u00f6hnung von Tierheim &#8211; und Auslandshunden<\/strong><\/p>\n\n\n\n<p><strong>Antijagdtraining<\/strong><\/p>\n\n\n\n<p>Hunde sind J\u00e4ger. Dies in sichere Bahnen zu lenken und zu kontrollieren ist Ziel dieses Kurses.<\/p>\n\n\n\n<p><strong>Maulkorbtraining<\/strong><\/p>\n\n\n\n<p><strong>Beratung bereits vor dem Hundekauf<\/strong><\/p>\n","protected":false},"excerpt":{"rendered":"<p>Unser Angebot f\u00fcr Sie und Ihre(n) Hund(e) Hier erfahren Sie n\u00e4heres \u00fcber unsere Kurse. Reicht Ihnen diese Beschreibung nicht, dann rufen Sie uns gerne an oder schreiben eine Email um weitere Informationen zu erhalten. Welpenspielen Die Sozialisierung ist am Anfang das Wichtigste f\u00fcr den Welpen, damit sp\u00e4ter mit anderen Hunden kein Stress aufkommt. Haupts\u00e4chlich geht&hellip;<\/p>\n","protected":false},"author":1,"featured_media":0,"parent":0,"menu_order":0,"comment_status":"closed","ping_status":"closed","template":"","meta":{"footnotes":""},"class_list":["post-24","page","type-page","status-publish","hentry"],"_links":{"self":[{"href":"https:\/\/www.schnauzentreff-buchholz.de\/index.php\/wp-json\/wp\/v2\/pages\/24","targetHints":{"allow":["GET"]}}],"collection":[{"href":"https:\/\/www.schnauzentreff-buchholz.de\/index.php\/wp-json\/wp\/v2\/pages"}],"about":[{"href":"https:\/\/www.schnauzentreff-buchholz.de\/index.php\/wp-json\/wp\/v2\/types\/page"}],"author":[{"embeddable":true,"href":"https:\/\/www.schnauzentreff-buchholz.de\/index.php\/wp-json\/wp\/v2\/users\/1"}],"replies":[{"embeddable":true,"href":"https:\/\/www.schnauzentreff-buchholz.de\/index.php\/wp-json\/wp\/v2\/comments?post=24"}],"version-history":[{"count":8,"href":"https:\/\/www.schnauzentreff-buchholz.de\/index.php\/wp-json\/wp\/v2\/pages\/24\/revisions"}],"predecessor-version":[{"id":261,"href":"https:\/\/www.schnauzentreff-buchholz.de\/index.php\/wp-json\/wp\/v2\/pages\/24\/revisions\/261"}],"wp:attachment":[{"href":"https:\/\/www.schnauzentreff-buchholz.de\/index.php\/wp-json\/wp\/v2\/media?parent=24"}],"curies":[{"name":"wp","href":"https:\/\/api.w.org\/{rel}","templated":true}]}}